{"id":211,"date":"2021-04-22T14:50:57","date_gmt":"2021-04-22T12:50:57","guid":{"rendered":"https:\/\/www.naturheilpraxis-dormagen.de\/Praxis\/?page_id=211"},"modified":"2021-10-18T11:40:49","modified_gmt":"2021-10-18T09:40:49","slug":"kosten","status":"publish","type":"page","link":"https:\/\/www.naturheilpraxis-dormagen.de\/Praxis\/kosten\/","title":{"rendered":"Kosten"},"content":{"rendered":"\t\t<div data-elementor-type=\"wp-page\" data-elementor-id=\"211\" class=\"elementor elementor-211\">\n\t\t\t\t\t\t<section class=\"elementor-section elementor-top-section elementor-element elementor-element-54d45d6 elementor-section-boxed elementor-section-height-default elementor-section-height-default\" data-id=\"54d45d6\" data-element_type=\"section\" data-e-type=\"section\">\n\t\t\t\t\t\t<div class=\"elementor-container elementor-column-gap-default\">\n\t\t\t\t\t<div class=\"elementor-column elementor-col-33 elementor-top-column elementor-element elementor-element-f8dbcd3\" data-id=\"f8dbcd3\" data-element_type=\"column\" data-e-type=\"column\">\n\t\t\t<div class=\"elementor-widget-wrap elementor-element-populated\">\n\t\t\t\t\t\t<div class=\"elementor-element elementor-element-74ab1b5 elementor-widget elementor-widget-image\" data-id=\"74ab1b5\" data-element_type=\"widget\" data-e-type=\"widget\" data-widget_type=\"image.default\">\n\t\t\t\t<div class=\"elementor-widget-container\">\n\t\t\t\t\t\t\t\t\t\t\t\t\t\t\t<img fetchpriority=\"high\" decoding=\"async\" width=\"1000\" height=\"1000\" src=\"https:\/\/www.naturheilpraxis-dormagen.de\/Praxis\/wp-content\/uploads\/2021\/04\/kosten-Foto.png\" class=\"attachment-large size-large wp-image-71\" alt=\"\" srcset=\"https:\/\/www.naturheilpraxis-dormagen.de\/Praxis\/wp-content\/uploads\/2021\/04\/kosten-Foto.png 1000w, https:\/\/www.naturheilpraxis-dormagen.de\/Praxis\/wp-content\/uploads\/2021\/04\/kosten-Foto-300x300.png 300w, https:\/\/www.naturheilpraxis-dormagen.de\/Praxis\/wp-content\/uploads\/2021\/04\/kosten-Foto-150x150.png 150w, https:\/\/www.naturheilpraxis-dormagen.de\/Praxis\/wp-content\/uploads\/2021\/04\/kosten-Foto-768x768.png 768w\" sizes=\"(max-width: 1000px) 100vw, 1000px\" \/>\t\t\t\t\t\t\t\t\t\t\t\t\t\t\t<\/div>\n\t\t\t\t<\/div>\n\t\t\t\t\t<\/div>\n\t\t<\/div>\n\t\t\t\t<div class=\"elementor-column elementor-col-66 elementor-top-column elementor-element elementor-element-d7502f0\" data-id=\"d7502f0\" data-element_type=\"column\" data-e-type=\"column\">\n\t\t\t<div class=\"elementor-widget-wrap elementor-element-populated\">\n\t\t\t\t\t\t<div class=\"elementor-element elementor-element-1a9b7e9 elementor-widget elementor-widget-image\" data-id=\"1a9b7e9\" data-element_type=\"widget\" data-e-type=\"widget\" data-widget_type=\"image.default\">\n\t\t\t\t<div class=\"elementor-widget-container\">\n\t\t\t\t\t\t\t\t\t\t\t\t\t\t\t<img decoding=\"async\" width=\"425\" height=\"92\" src=\"https:\/\/www.naturheilpraxis-dormagen.de\/Praxis\/wp-content\/uploads\/2021\/04\/behandlungskosten.png\" class=\"attachment-large size-large wp-image-41\" alt=\"\" srcset=\"https:\/\/www.naturheilpraxis-dormagen.de\/Praxis\/wp-content\/uploads\/2021\/04\/behandlungskosten.png 425w, https:\/\/www.naturheilpraxis-dormagen.de\/Praxis\/wp-content\/uploads\/2021\/04\/behandlungskosten-300x65.png 300w\" sizes=\"(max-width: 425px) 100vw, 425px\" \/>\t\t\t\t\t\t\t\t\t\t\t\t\t\t\t<\/div>\n\t\t\t\t<\/div>\n\t\t\t\t<div class=\"elementor-element elementor-element-b09c509 elementor-widget elementor-widget-text-editor\" data-id=\"b09c509\" data-element_type=\"widget\" data-e-type=\"widget\" data-widget_type=\"text-editor.default\">\n\t\t\t\t<div class=\"elementor-widget-container\">\n\t\t\t\t\t\t\t\t\t<div id=\"u85733-12\" class=\"Fliesstest clearfix colelem shared_content\" data-muse-uid=\"U85733\" data-muse-type=\"txt_frame\" data-ibe-flags=\"txtStyleSrc\" data-content-guid=\"u85733-12_content\"><p>Die Abrechnung meiner Behandlungen erfolgt immer als Privatrechnung.Diese wird nach der Geb\u00fchrenordnung der Heilpraktiker abgerechnet (Geb\u00fcH).Privatversicherungen und Beihilfestellen \u00fcbernehmen im Regelfall die Kosten der Behandlung nach der Geb\u00fchrenordnung der Heilpraktiker (Geb\u00fcH), Hufelandverzeichnis und GO\u00c4.Gesetzlich versicherte Patienten mit einer Zusatzversicherung, die Heilpraktikerkosten beinhalten, rechnen mit ihrer Zusatzkasse gem\u00e4\u00df den vertraglichen Vereinbarungen selbst ab.Bei gesetzlich versicherten Patienten \u00fcbernehmen einige Krankenkassen eine Zuzahlung f\u00fcr eine osteopathische Behandlung. N\u00e4here Ausk\u00fcnfte erfragen Sie bitte bei Ihrer Krankenkasse.<\/p><\/div><div id=\"u64744\" class=\"museBGSize colelem shared_content\" data-sizepolicy=\"fixed\" data-pintopage=\"page_fluidx\" data-content-guid=\"u64744_content\">\u00a0<\/div>\t\t\t\t\t\t\t\t<\/div>\n\t\t\t\t<\/div>\n\t\t\t\t<div class=\"elementor-element elementor-element-ddafe02 elementor-widget elementor-widget-image\" data-id=\"ddafe02\" data-element_type=\"widget\" data-e-type=\"widget\" data-widget_type=\"image.default\">\n\t\t\t\t<div class=\"elementor-widget-container\">\n\t\t\t\t\t\t\t\t\t\t\t\t\t\t\t<img decoding=\"async\" width=\"425\" height=\"152\" src=\"https:\/\/www.naturheilpraxis-dormagen.de\/Praxis\/wp-content\/uploads\/2021\/04\/lass-dich-bei.png\" class=\"attachment-large size-large wp-image-85\" alt=\"\" srcset=\"https:\/\/www.naturheilpraxis-dormagen.de\/Praxis\/wp-content\/uploads\/2021\/04\/lass-dich-bei.png 425w, https:\/\/www.naturheilpraxis-dormagen.de\/Praxis\/wp-content\/uploads\/2021\/04\/lass-dich-bei-300x107.png 300w\" sizes=\"(max-width: 425px) 100vw, 425px\" \/>\t\t\t\t\t\t\t\t\t\t\t\t\t\t\t<\/div>\n\t\t\t\t<\/div>\n\t\t\t\t\t<\/div>\n\t\t<\/div>\n\t\t\t\t\t<\/div>\n\t\t<\/section>\n\t\t\t\t<section class=\"elementor-section elementor-top-section elementor-element elementor-element-461e172 elementor-section-boxed elementor-section-height-default elementor-section-height-default\" data-id=\"461e172\" data-element_type=\"section\" data-e-type=\"section\">\n\t\t\t\t\t\t<div class=\"elementor-container elementor-column-gap-default\">\n\t\t\t\t\t<div class=\"elementor-column elementor-col-50 elementor-top-column elementor-element elementor-element-b7fbe6a\" data-id=\"b7fbe6a\" data-element_type=\"column\" data-e-type=\"column\">\n\t\t\t<div class=\"elementor-widget-wrap\">\n\t\t\t\t\t\t\t<\/div>\n\t\t<\/div>\n\t\t\t\t<div class=\"elementor-column elementor-col-50 elementor-top-column elementor-element elementor-element-5d8fd5f\" data-id=\"5d8fd5f\" data-element_type=\"column\" data-e-type=\"column\">\n\t\t\t<div class=\"elementor-widget-wrap elementor-element-populated\">\n\t\t\t\t\t\t<div class=\"elementor-element elementor-element-ad8a94b elementor-widget elementor-widget-image\" data-id=\"ad8a94b\" data-element_type=\"widget\" data-e-type=\"widget\" data-widget_type=\"image.default\">\n\t\t\t\t<div class=\"elementor-widget-container\">\n\t\t\t\t\t\t\t\t\t\t\t\t\t\t\t<img loading=\"lazy\" decoding=\"async\" width=\"123\" height=\"123\" src=\"https:\/\/www.naturheilpraxis-dormagen.de\/Praxis\/wp-content\/uploads\/2021\/04\/zurueck.png\" class=\"attachment-large size-large wp-image-449\" alt=\"\" \/>\t\t\t\t\t\t\t\t\t\t\t\t\t\t\t<\/div>\n\t\t\t\t<\/div>\n\t\t\t\t\t<\/div>\n\t\t<\/div>\n\t\t\t\t\t<\/div>\n\t\t<\/section>\n\t\t\t\t<\/div>\n\t\t","protected":false},"excerpt":{"rendered":"<p>Die Abrechnung meiner Behandlungen erfolgt immer als Privatrechnung.Diese wird nach der Geb\u00fchrenordnung der Heilpraktiker abgerechnet (Geb\u00fcH).Privatversicherungen und Beihilfestellen \u00fcbernehmen im Regelfall die Kosten der Behandlung nach der Geb\u00fchrenordnung der Heilpraktiker (Geb\u00fcH), Hufelandverzeichnis und GO\u00c4.Gesetzlich versicherte Patienten mit einer Zusatzversicherung, die Heilpraktikerkosten beinhalten, rechnen mit ihrer Zusatzkasse gem\u00e4\u00df den vertraglichen Vereinbarungen selbst ab.Bei gesetzlich versicherten Patienten [&hellip;]<\/p>\n","protected":false},"author":1,"featured_media":0,"parent":0,"menu_order":0,"comment_status":"closed","ping_status":"closed","template":"","meta":{"ocean_post_layout":"full-screen","ocean_both_sidebars_style":"","ocean_both_sidebars_content_width":0,"ocean_both_sidebars_sidebars_width":0,"ocean_sidebar":"0","ocean_second_sidebar":"0","ocean_disable_margins":"enable","ocean_add_body_class":"","ocean_shortcode_before_top_bar":"","ocean_shortcode_after_top_bar":"","ocean_shortcode_before_header":"","ocean_shortcode_after_header":"","ocean_has_shortcode":"","ocean_shortcode_after_title":"","ocean_shortcode_before_footer_widgets":"","ocean_shortcode_after_footer_widgets":"","ocean_shortcode_before_footer_bottom":"","ocean_shortcode_after_footer_bottom":"","ocean_display_top_bar":"off","ocean_display_header":"default","ocean_header_style":"","ocean_center_header_left_menu":"0","ocean_custom_header_template":"0","ocean_custom_logo":0,"ocean_custom_retina_logo":0,"ocean_custom_logo_max_width":0,"ocean_custom_logo_tablet_max_width":0,"ocean_custom_logo_mobile_max_width":0,"ocean_custom_logo_max_height":0,"ocean_custom_logo_tablet_max_height":0,"ocean_custom_logo_mobile_max_height":0,"ocean_header_custom_menu":"0","ocean_menu_typo_font_family":"0","ocean_menu_typo_font_subset":"","ocean_menu_typo_font_size":0,"ocean_menu_typo_font_size_tablet":0,"ocean_menu_typo_font_size_mobile":0,"ocean_menu_typo_font_size_unit":"px","ocean_menu_typo_font_weight":"","ocean_menu_typo_font_weight_tablet":"","ocean_menu_typo_font_weight_mobile":"","ocean_menu_typo_transform":"","ocean_menu_typo_transform_tablet":"","ocean_menu_typo_transform_mobile":"","ocean_menu_typo_line_height":0,"ocean_menu_typo_line_height_tablet":0,"ocean_menu_typo_line_height_mobile":0,"ocean_menu_typo_line_height_unit":"","ocean_menu_typo_spacing":0,"ocean_menu_typo_spacing_tablet":0,"ocean_menu_typo_spacing_mobile":0,"ocean_menu_typo_spacing_unit":"","ocean_menu_link_color":"","ocean_menu_link_color_hover":"","ocean_menu_link_color_active":"","ocean_menu_link_background":"","ocean_menu_link_hover_background":"","ocean_menu_link_active_background":"","ocean_menu_social_links_bg":"","ocean_menu_social_hover_links_bg":"","ocean_menu_social_links_color":"","ocean_menu_social_hover_links_color":"","ocean_disable_title":"on","ocean_disable_heading":"default","ocean_post_title":"","ocean_post_subheading":"","ocean_post_title_style":"","ocean_post_title_background_color":"","ocean_post_title_background":0,"ocean_post_title_bg_image_position":"","ocean_post_title_bg_image_attachment":"","ocean_post_title_bg_image_repeat":"","ocean_post_title_bg_image_size":"","ocean_post_title_height":0,"ocean_post_title_bg_overlay":0.5,"ocean_post_title_bg_overlay_color":"","ocean_disable_breadcrumbs":"default","ocean_breadcrumbs_color":"","ocean_breadcrumbs_separator_color":"","ocean_breadcrumbs_links_color":"","ocean_breadcrumbs_links_hover_color":"","ocean_display_footer_widgets":"off","ocean_display_footer_bottom":"off","ocean_custom_footer_template":"0","footnotes":""},"class_list":["post-211","page","type-page","status-publish","hentry","entry"],"_links":{"self":[{"href":"https:\/\/www.naturheilpraxis-dormagen.de\/Praxis\/wp-json\/wp\/v2\/pages\/211","targetHints":{"allow":["GET"]}}],"collection":[{"href":"https:\/\/www.naturheilpraxis-dormagen.de\/Praxis\/wp-json\/wp\/v2\/pages"}],"about":[{"href":"https:\/\/www.naturheilpraxis-dormagen.de\/Praxis\/wp-json\/wp\/v2\/types\/page"}],"author":[{"embeddable":true,"href":"https:\/\/www.naturheilpraxis-dormagen.de\/Praxis\/wp-json\/wp\/v2\/users\/1"}],"replies":[{"embeddable":true,"href":"https:\/\/www.naturheilpraxis-dormagen.de\/Praxis\/wp-json\/wp\/v2\/comments?post=211"}],"version-history":[{"count":7,"href":"https:\/\/www.naturheilpraxis-dormagen.de\/Praxis\/wp-json\/wp\/v2\/pages\/211\/revisions"}],"predecessor-version":[{"id":573,"href":"https:\/\/www.naturheilpraxis-dormagen.de\/Praxis\/wp-json\/wp\/v2\/pages\/211\/revisions\/573"}],"wp:attachment":[{"href":"https:\/\/www.naturheilpraxis-dormagen.de\/Praxis\/wp-json\/wp\/v2\/media?parent=211"}],"curies":[{"name":"wp","href":"https:\/\/api.w.org\/{rel}","templated":true}]}}