{"id":219,"date":"2021-04-22T15:09:12","date_gmt":"2021-04-22T13:09:12","guid":{"rendered":"https:\/\/www.naturheilpraxis-dormagen.de\/Praxis\/?page_id=219"},"modified":"2021-04-28T13:16:26","modified_gmt":"2021-04-28T11:16:26","slug":"osteopathie","status":"publish","type":"page","link":"https:\/\/www.naturheilpraxis-dormagen.de\/Praxis\/osteopathie\/","title":{"rendered":"Osteopathie"},"content":{"rendered":"\t\t<div data-elementor-type=\"wp-page\" data-elementor-id=\"219\" class=\"elementor elementor-219\">\n\t\t\t\t\t\t<section class=\"elementor-section elementor-top-section elementor-element elementor-element-4d353fa elementor-section-boxed elementor-section-height-default elementor-section-height-default\" data-id=\"4d353fa\" data-element_type=\"section\" data-e-type=\"section\">\n\t\t\t\t\t\t<div class=\"elementor-container elementor-column-gap-default\">\n\t\t\t\t\t<div class=\"elementor-column elementor-col-33 elementor-top-column elementor-element elementor-element-066fdd9\" data-id=\"066fdd9\" data-element_type=\"column\" data-e-type=\"column\">\n\t\t\t<div class=\"elementor-widget-wrap elementor-element-populated\">\n\t\t\t\t\t\t<div class=\"elementor-element elementor-element-eb73dc4 elementor-widget elementor-widget-image\" data-id=\"eb73dc4\" data-element_type=\"widget\" data-e-type=\"widget\" data-widget_type=\"image.default\">\n\t\t\t\t<div class=\"elementor-widget-container\">\n\t\t\t\t\t\t\t\t\t\t\t\t\t\t\t<img fetchpriority=\"high\" decoding=\"async\" width=\"800\" height=\"1200\" src=\"https:\/\/www.naturheilpraxis-dormagen.de\/Praxis\/wp-content\/uploads\/2021\/04\/osteopathiefoto.jpg\" class=\"attachment-full size-full wp-image-360\" alt=\"\" srcset=\"https:\/\/www.naturheilpraxis-dormagen.de\/Praxis\/wp-content\/uploads\/2021\/04\/osteopathiefoto.jpg 800w, https:\/\/www.naturheilpraxis-dormagen.de\/Praxis\/wp-content\/uploads\/2021\/04\/osteopathiefoto-200x300.jpg 200w, https:\/\/www.naturheilpraxis-dormagen.de\/Praxis\/wp-content\/uploads\/2021\/04\/osteopathiefoto-683x1024.jpg 683w, https:\/\/www.naturheilpraxis-dormagen.de\/Praxis\/wp-content\/uploads\/2021\/04\/osteopathiefoto-768x1152.jpg 768w\" sizes=\"(max-width: 800px) 100vw, 800px\" \/>\t\t\t\t\t\t\t\t\t\t\t\t\t\t\t<\/div>\n\t\t\t\t<\/div>\n\t\t\t\t\t<\/div>\n\t\t<\/div>\n\t\t\t\t<div class=\"elementor-column elementor-col-66 elementor-top-column elementor-element elementor-element-93ddc82\" data-id=\"93ddc82\" data-element_type=\"column\" data-e-type=\"column\">\n\t\t\t<div class=\"elementor-widget-wrap elementor-element-populated\">\n\t\t\t\t\t\t<div class=\"elementor-element elementor-element-5b1d4f0 elementor-widget elementor-widget-image\" data-id=\"5b1d4f0\" data-element_type=\"widget\" data-e-type=\"widget\" data-widget_type=\"image.default\">\n\t\t\t\t<div class=\"elementor-widget-container\">\n\t\t\t\t\t\t\t\t\t\t\t\t\t\t\t<img decoding=\"async\" width=\"332\" height=\"92\" src=\"https:\/\/www.naturheilpraxis-dormagen.de\/Praxis\/wp-content\/uploads\/2021\/04\/osteopathie.png\" class=\"attachment-large size-large wp-image-357\" alt=\"\" srcset=\"https:\/\/www.naturheilpraxis-dormagen.de\/Praxis\/wp-content\/uploads\/2021\/04\/osteopathie.png 332w, https:\/\/www.naturheilpraxis-dormagen.de\/Praxis\/wp-content\/uploads\/2021\/04\/osteopathie-300x83.png 300w\" sizes=\"(max-width: 332px) 100vw, 332px\" \/>\t\t\t\t\t\t\t\t\t\t\t\t\t\t\t<\/div>\n\t\t\t\t<\/div>\n\t\t\t\t<div class=\"elementor-element elementor-element-c38de15 elementor-widget elementor-widget-text-editor\" data-id=\"c38de15\" data-element_type=\"widget\" data-e-type=\"widget\" data-widget_type=\"text-editor.default\">\n\t\t\t\t<div class=\"elementor-widget-container\">\n\t\t\t\t\t\t\t\t\t<p>Voraussetzung f\u00fcr Gesundheit aus. Der K\u00f6rper wird als Einheit gesehen, der \u00fcber Selbstheilungskr\u00e4fte verf\u00fcgen soll und diese k\u00f6nnen aus osteopathischer Sicht durch die Behandlung unterst\u00fctzt werden.<\/p><p>Durch zu wenig Bewegung komme es oft zu St\u00f6rungen der Gewebestrukturen im K\u00f6rper, sei es Knochen, B\u00e4nder, Sehnen, Faszien oder innere Organe. Diese Bewegungsst\u00f6rungen und die daraus entstehenden Funktionsst\u00f6rungen gilt es zu erkennen und mit sanften manuellen Techniken individuell zu behandeln.<\/p><p>In meiner Behandlungstherapie wird der Patient ganzheitlich behandelt. Vor allem die manuelle Behandlung steht dabei im Vordergrund, damit K\u00f6rper, Geist und Seele wieder funktionieren.<br \/>Als Heilpraktikerin sch\u00e4tze ich diese Methode sehr. H\u00e4ufig kann ich so bei akuten Schmerzen helfen und gleichzeitig durch die Behandlung nicht selten langfristig bei chronischen Beschwerden Entlastung verschaffen.<\/p><p>Grunds\u00e4tzlich sei noch angemerkt, dass die Osteopathie in Deutschland weder von der evidenzbasierten Medizin anerkannt, noch bez\u00fcglich Wirkung und Wirksamkeit durch valide wissenschaftliche Studien bewiesen ist. Daran \u00e4ndert auch die Tatsache nichts, dass Osteopathie in Deutschland mittlerweile in anerkannten Studieng\u00e4ngen mit Bachelor oder Master Abschluss studiert werden kann. Alle \u201eAnwendungsgebiete\u201c der Osteopathie sind demzufolge aus rechtlicher Sicht derzeit Beobachtungen einzelner Therapeuten ohne Anspruch auf wissenschaftliche Anerkennung. So sind alle Hinweise zu verstehen. Fragen Sie mich gerne zu diesem Thema.<\/p>\t\t\t\t\t\t\t\t<\/div>\n\t\t\t\t<\/div>\n\t\t\t\t<div class=\"elementor-element elementor-element-b547550 elementor-widget elementor-widget-image\" data-id=\"b547550\" data-element_type=\"widget\" data-e-type=\"widget\" data-widget_type=\"image.default\">\n\t\t\t\t<div class=\"elementor-widget-container\">\n\t\t\t\t\t\t\t\t\t\t\t\t\t\t\t<img decoding=\"async\" width=\"425\" height=\"152\" src=\"https:\/\/www.naturheilpraxis-dormagen.de\/Praxis\/wp-content\/uploads\/2021\/04\/heilung-1.png\" class=\"attachment-large size-large wp-image-367\" alt=\"\" srcset=\"https:\/\/www.naturheilpraxis-dormagen.de\/Praxis\/wp-content\/uploads\/2021\/04\/heilung-1.png 425w, https:\/\/www.naturheilpraxis-dormagen.de\/Praxis\/wp-content\/uploads\/2021\/04\/heilung-1-300x107.png 300w\" sizes=\"(max-width: 425px) 100vw, 425px\" \/>\t\t\t\t\t\t\t\t\t\t\t\t\t\t\t<\/div>\n\t\t\t\t<\/div>\n\t\t\t\t\t<\/div>\n\t\t<\/div>\n\t\t\t\t\t<\/div>\n\t\t<\/section>\n\t\t\t\t<\/div>\n\t\t","protected":false},"excerpt":{"rendered":"<p>Voraussetzung f\u00fcr Gesundheit aus. Der K\u00f6rper wird als Einheit gesehen, der \u00fcber Selbstheilungskr\u00e4fte verf\u00fcgen soll und diese k\u00f6nnen aus osteopathischer Sicht durch die Behandlung unterst\u00fctzt werden. Durch zu wenig Bewegung komme es oft zu St\u00f6rungen der Gewebestrukturen im K\u00f6rper, sei es Knochen, B\u00e4nder, Sehnen, Faszien oder innere Organe. Diese Bewegungsst\u00f6rungen und die daraus entstehenden Funktionsst\u00f6rungen [&hellip;]<\/p>\n","protected":false},"author":1,"featured_media":0,"parent":0,"menu_order":0,"comment_status":"closed","ping_status":"closed","template":"","meta":{"ocean_post_layout":"full-screen","ocean_both_sidebars_style":"","ocean_both_sidebars_content_width":0,"ocean_both_sidebars_sidebars_width":0,"ocean_sidebar":"0","ocean_second_sidebar":"0","ocean_disable_margins":"enable","ocean_add_body_class":"","ocean_shortcode_before_top_bar":"","ocean_shortcode_after_top_bar":"","ocean_shortcode_before_header":"","ocean_shortcode_after_header":"","ocean_has_shortcode":"","ocean_shortcode_after_title":"","ocean_shortcode_before_footer_widgets":"","ocean_shortcode_after_footer_widgets":"","ocean_shortcode_before_footer_bottom":"","ocean_shortcode_after_footer_bottom":"","ocean_display_top_bar":"off","ocean_display_header":"default","ocean_header_style":"","ocean_center_header_left_menu":"0","ocean_custom_header_template":"0","ocean_custom_logo":0,"ocean_custom_retina_logo":0,"ocean_custom_logo_max_width":0,"ocean_custom_logo_tablet_max_width":0,"ocean_custom_logo_mobile_max_width":0,"ocean_custom_logo_max_height":0,"ocean_custom_logo_tablet_max_height":0,"ocean_custom_logo_mobile_max_height":0,"ocean_header_custom_menu":"0","ocean_menu_typo_font_family":"0","ocean_menu_typo_font_subset":"","ocean_menu_typo_font_size":0,"ocean_menu_typo_font_size_tablet":0,"ocean_menu_typo_font_size_mobile":0,"ocean_menu_typo_font_size_unit":"px","ocean_menu_typo_font_weight":"","ocean_menu_typo_font_weight_tablet":"","ocean_menu_typo_font_weight_mobile":"","ocean_menu_typo_transform":"","ocean_menu_typo_transform_tablet":"","ocean_menu_typo_transform_mobile":"","ocean_menu_typo_line_height":0,"ocean_menu_typo_line_height_tablet":0,"ocean_menu_typo_line_height_mobile":0,"ocean_menu_typo_line_height_unit":"","ocean_menu_typo_spacing":0,"ocean_menu_typo_spacing_tablet":0,"ocean_menu_typo_spacing_mobile":0,"ocean_menu_typo_spacing_unit":"","ocean_menu_link_color":"","ocean_menu_link_color_hover":"","ocean_menu_link_color_active":"","ocean_menu_link_background":"","ocean_menu_link_hover_background":"","ocean_menu_link_active_background":"","ocean_menu_social_links_bg":"","ocean_menu_social_hover_links_bg":"","ocean_menu_social_links_color":"","ocean_menu_social_hover_links_color":"","ocean_disable_title":"on","ocean_disable_heading":"default","ocean_post_title":"","ocean_post_subheading":"","ocean_post_title_style":"","ocean_post_title_background_color":"","ocean_post_title_background":0,"ocean_post_title_bg_image_position":"","ocean_post_title_bg_image_attachment":"","ocean_post_title_bg_image_repeat":"","ocean_post_title_bg_image_size":"","ocean_post_title_height":0,"ocean_post_title_bg_overlay":0.5,"ocean_post_title_bg_overlay_color":"","ocean_disable_breadcrumbs":"default","ocean_breadcrumbs_color":"","ocean_breadcrumbs_separator_color":"","ocean_breadcrumbs_links_color":"","ocean_breadcrumbs_links_hover_color":"","ocean_display_footer_widgets":"off","ocean_display_footer_bottom":"default","ocean_custom_footer_template":"0","footnotes":""},"class_list":["post-219","page","type-page","status-publish","hentry","entry"],"_links":{"self":[{"href":"https:\/\/www.naturheilpraxis-dormagen.de\/Praxis\/wp-json\/wp\/v2\/pages\/219","targetHints":{"allow":["GET"]}}],"collection":[{"href":"https:\/\/www.naturheilpraxis-dormagen.de\/Praxis\/wp-json\/wp\/v2\/pages"}],"about":[{"href":"https:\/\/www.naturheilpraxis-dormagen.de\/Praxis\/wp-json\/wp\/v2\/types\/page"}],"author":[{"embeddable":true,"href":"https:\/\/www.naturheilpraxis-dormagen.de\/Praxis\/wp-json\/wp\/v2\/users\/1"}],"replies":[{"embeddable":true,"href":"https:\/\/www.naturheilpraxis-dormagen.de\/Praxis\/wp-json\/wp\/v2\/comments?post=219"}],"version-history":[{"count":10,"href":"https:\/\/www.naturheilpraxis-dormagen.de\/Praxis\/wp-json\/wp\/v2\/pages\/219\/revisions"}],"predecessor-version":[{"id":370,"href":"https:\/\/www.naturheilpraxis-dormagen.de\/Praxis\/wp-json\/wp\/v2\/pages\/219\/revisions\/370"}],"wp:attachment":[{"href":"https:\/\/www.naturheilpraxis-dormagen.de\/Praxis\/wp-json\/wp\/v2\/media?parent=219"}],"curies":[{"name":"wp","href":"https:\/\/api.w.org\/{rel}","templated":true}]}}