{"id":223,"date":"2021-04-22T15:11:28","date_gmt":"2021-04-22T13:11:28","guid":{"rendered":"https:\/\/www.naturheilpraxis-dormagen.de\/Praxis\/?page_id=223"},"modified":"2021-04-28T14:04:21","modified_gmt":"2021-04-28T12:04:21","slug":"chiropraktik","status":"publish","type":"page","link":"https:\/\/www.naturheilpraxis-dormagen.de\/Praxis\/chiropraktik\/","title":{"rendered":"Chiropraktik"},"content":{"rendered":"\t\t<div data-elementor-type=\"wp-page\" data-elementor-id=\"223\" class=\"elementor elementor-223\">\n\t\t\t\t\t\t<section class=\"elementor-section elementor-top-section elementor-element elementor-element-612729d elementor-section-boxed elementor-section-height-default elementor-section-height-default\" data-id=\"612729d\" data-element_type=\"section\" data-e-type=\"section\">\n\t\t\t\t\t\t<div class=\"elementor-container elementor-column-gap-default\">\n\t\t\t\t\t<div class=\"elementor-column elementor-col-33 elementor-top-column elementor-element elementor-element-d04a2f3\" data-id=\"d04a2f3\" data-element_type=\"column\" data-e-type=\"column\">\n\t\t\t<div class=\"elementor-widget-wrap elementor-element-populated\">\n\t\t\t\t\t\t<div class=\"elementor-element elementor-element-226fc22 elementor-widget elementor-widget-image\" data-id=\"226fc22\" data-element_type=\"widget\" data-e-type=\"widget\" data-widget_type=\"image.default\">\n\t\t\t\t<div class=\"elementor-widget-container\">\n\t\t\t\t\t\t\t\t\t\t\t\t\t\t\t<img fetchpriority=\"high\" decoding=\"async\" width=\"683\" height=\"1024\" src=\"https:\/\/www.naturheilpraxis-dormagen.de\/Praxis\/wp-content\/uploads\/2021\/04\/chiropraktikfoto-683x1024.jpg\" class=\"attachment-large size-large wp-image-393\" alt=\"\" srcset=\"https:\/\/www.naturheilpraxis-dormagen.de\/Praxis\/wp-content\/uploads\/2021\/04\/chiropraktikfoto-683x1024.jpg 683w, https:\/\/www.naturheilpraxis-dormagen.de\/Praxis\/wp-content\/uploads\/2021\/04\/chiropraktikfoto-200x300.jpg 200w, https:\/\/www.naturheilpraxis-dormagen.de\/Praxis\/wp-content\/uploads\/2021\/04\/chiropraktikfoto-768x1152.jpg 768w, https:\/\/www.naturheilpraxis-dormagen.de\/Praxis\/wp-content\/uploads\/2021\/04\/chiropraktikfoto.jpg 800w\" sizes=\"(max-width: 683px) 100vw, 683px\" \/>\t\t\t\t\t\t\t\t\t\t\t\t\t\t\t<\/div>\n\t\t\t\t<\/div>\n\t\t\t\t\t<\/div>\n\t\t<\/div>\n\t\t\t\t<div class=\"elementor-column elementor-col-66 elementor-top-column elementor-element elementor-element-644bacb\" data-id=\"644bacb\" data-element_type=\"column\" data-e-type=\"column\">\n\t\t\t<div class=\"elementor-widget-wrap elementor-element-populated\">\n\t\t\t\t\t\t<div class=\"elementor-element elementor-element-eee0204 elementor-widget elementor-widget-image\" data-id=\"eee0204\" data-element_type=\"widget\" data-e-type=\"widget\" data-widget_type=\"image.default\">\n\t\t\t\t<div class=\"elementor-widget-container\">\n\t\t\t\t\t\t\t\t\t\t\t\t\t\t\t<img decoding=\"async\" width=\"328\" height=\"92\" src=\"https:\/\/www.naturheilpraxis-dormagen.de\/Praxis\/wp-content\/uploads\/2021\/04\/chiropraktik.png\" class=\"attachment-large size-large wp-image-43\" alt=\"\" srcset=\"https:\/\/www.naturheilpraxis-dormagen.de\/Praxis\/wp-content\/uploads\/2021\/04\/chiropraktik.png 328w, https:\/\/www.naturheilpraxis-dormagen.de\/Praxis\/wp-content\/uploads\/2021\/04\/chiropraktik-300x84.png 300w\" sizes=\"(max-width: 328px) 100vw, 328px\" \/>\t\t\t\t\t\t\t\t\t\t\t\t\t\t\t<\/div>\n\t\t\t\t<\/div>\n\t\t\t\t<div class=\"elementor-element elementor-element-89f7513 elementor-widget elementor-widget-text-editor\" data-id=\"89f7513\" data-element_type=\"widget\" data-e-type=\"widget\" data-widget_type=\"text-editor.default\">\n\t\t\t\t<div class=\"elementor-widget-container\">\n\t\t\t\t\t\t\t\t\t<p>Die Chiropraktik ist eine Methode, die mit den H\u00e4nden ausgef\u00fchrt wird und ist eine Form der manuellen Medizin.<br \/>Durch sanfte und gezielte Griffe und Bewegungen sollen Schmerzen und Einschr\u00e4nkungen der Gelenke und des Bewegungsapparates, vornehmlich der Wirbels\u00e4ule beseitig werden.<br \/>Diese Fehlstellungen und St\u00f6rungen k\u00f6nnen aus Sicht der Chiropraktik oft Auswirkungen auf die Funktionen des Nervengewebes, der Extremit\u00e4ten und der inneren Organe haben.<br \/>Bei dieser Behandlung arbeite ich immer mit einer entsprechenden Vor- und Nachbehandlung<br \/>(Reponierung), so wie der K\u00f6rper es zul\u00e4sst.<\/p><p>In vielen F\u00e4llen kann die Funktion des Nervengewebes hergestellt werden und die nat\u00fcrlichen Selbstheilungskr\u00e4fte sollen wieder aktiviert werden.<\/p><p>F\u00fcr diese Behandlungsform der Chiropraktik existieren keine g\u00fcltigen wissenschaftlichen Beweise f\u00fcr ihre Wirkung und Wirksamkeit.<\/p><p>Die Chiropraktik ist eine Methode, die auch von \u00c4rzten, dort eher manuelle Medizin genannt, ausge\u00fcbt wird. Sie wird, je nach Ausbildungsverfahren, von der evidenzbasierten Medizin, landl\u00e4ufig Schulmedizin genannt, wenig bis gar nicht anerkannt, zumal auch die Studienlage zur Beweisf\u00fchrung der Wirkung relativ unzureichend ist und bestimmte Richtungen nicht den schulmedizinischen Vorstellungen von den Krankheitsbildern entsprechen. Fragen Sie mich gerne.<\/p>\t\t\t\t\t\t\t\t<\/div>\n\t\t\t\t<\/div>\n\t\t\t\t<div class=\"elementor-element elementor-element-d3a16bb elementor-widget elementor-widget-image\" data-id=\"d3a16bb\" data-element_type=\"widget\" data-e-type=\"widget\" data-widget_type=\"image.default\">\n\t\t\t\t<div class=\"elementor-widget-container\">\n\t\t\t\t\t\t\t\t\t\t\t\t\t\t\t<img decoding=\"async\" width=\"425\" height=\"152\" src=\"https:\/\/www.naturheilpraxis-dormagen.de\/Praxis\/wp-content\/uploads\/2021\/04\/ein-starker-1.png\" class=\"attachment-large size-large wp-image-390\" alt=\"\" srcset=\"https:\/\/www.naturheilpraxis-dormagen.de\/Praxis\/wp-content\/uploads\/2021\/04\/ein-starker-1.png 425w, https:\/\/www.naturheilpraxis-dormagen.de\/Praxis\/wp-content\/uploads\/2021\/04\/ein-starker-1-300x107.png 300w\" sizes=\"(max-width: 425px) 100vw, 425px\" \/>\t\t\t\t\t\t\t\t\t\t\t\t\t\t\t<\/div>\n\t\t\t\t<\/div>\n\t\t\t\t\t<\/div>\n\t\t<\/div>\n\t\t\t\t\t<\/div>\n\t\t<\/section>\n\t\t\t\t<\/div>\n\t\t","protected":false},"excerpt":{"rendered":"<p>Die Chiropraktik ist eine Methode, die mit den H\u00e4nden ausgef\u00fchrt wird und ist eine Form der manuellen Medizin.Durch sanfte und gezielte Griffe und Bewegungen sollen Schmerzen und Einschr\u00e4nkungen der Gelenke und des Bewegungsapparates, vornehmlich der Wirbels\u00e4ule beseitig werden.Diese Fehlstellungen und St\u00f6rungen k\u00f6nnen aus Sicht der Chiropraktik oft Auswirkungen auf die Funktionen des Nervengewebes, der Extremit\u00e4ten [&hellip;]<\/p>\n","protected":false},"author":1,"featured_media":0,"parent":0,"menu_order":0,"comment_status":"closed","ping_status":"closed","template":"","meta":{"ocean_post_layout":"full-screen","ocean_both_sidebars_style":"","ocean_both_sidebars_content_width":0,"ocean_both_sidebars_sidebars_width":0,"ocean_sidebar":"0","ocean_second_sidebar":"0","ocean_disable_margins":"enable","ocean_add_body_class":"","ocean_shortcode_before_top_bar":"","ocean_shortcode_after_top_bar":"","ocean_shortcode_before_header":"","ocean_shortcode_after_header":"","ocean_has_shortcode":"","ocean_shortcode_after_title":"","ocean_shortcode_before_footer_widgets":"","ocean_shortcode_after_footer_widgets":"","ocean_shortcode_before_footer_bottom":"","ocean_shortcode_after_footer_bottom":"","ocean_display_top_bar":"off","ocean_display_header":"default","ocean_header_style":"","ocean_center_header_left_menu":"0","ocean_custom_header_template":"0","ocean_custom_logo":0,"ocean_custom_retina_logo":0,"ocean_custom_logo_max_width":0,"ocean_custom_logo_tablet_max_width":0,"ocean_custom_logo_mobile_max_width":0,"ocean_custom_logo_max_height":0,"ocean_custom_logo_tablet_max_height":0,"ocean_custom_logo_mobile_max_height":0,"ocean_header_custom_menu":"0","ocean_menu_typo_font_family":"0","ocean_menu_typo_font_subset":"","ocean_menu_typo_font_size":0,"ocean_menu_typo_font_size_tablet":0,"ocean_menu_typo_font_size_mobile":0,"ocean_menu_typo_font_size_unit":"px","ocean_menu_typo_font_weight":"","ocean_menu_typo_font_weight_tablet":"","ocean_menu_typo_font_weight_mobile":"","ocean_menu_typo_transform":"","ocean_menu_typo_transform_tablet":"","ocean_menu_typo_transform_mobile":"","ocean_menu_typo_line_height":0,"ocean_menu_typo_line_height_tablet":0,"ocean_menu_typo_line_height_mobile":0,"ocean_menu_typo_line_height_unit":"","ocean_menu_typo_spacing":0,"ocean_menu_typo_spacing_tablet":0,"ocean_menu_typo_spacing_mobile":0,"ocean_menu_typo_spacing_unit":"","ocean_menu_link_color":"","ocean_menu_link_color_hover":"","ocean_menu_link_color_active":"","ocean_menu_link_background":"","ocean_menu_link_hover_background":"","ocean_menu_link_active_background":"","ocean_menu_social_links_bg":"","ocean_menu_social_hover_links_bg":"","ocean_menu_social_links_color":"","ocean_menu_social_hover_links_color":"","ocean_disable_title":"default","ocean_disable_heading":"default","ocean_post_title":"","ocean_post_subheading":"","ocean_post_title_style":"","ocean_post_title_background_color":"","ocean_post_title_background":0,"ocean_post_title_bg_image_position":"","ocean_post_title_bg_image_attachment":"","ocean_post_title_bg_image_repeat":"","ocean_post_title_bg_image_size":"","ocean_post_title_height":0,"ocean_post_title_bg_overlay":0.5,"ocean_post_title_bg_overlay_color":"","ocean_disable_breadcrumbs":"default","ocean_breadcrumbs_color":"","ocean_breadcrumbs_separator_color":"","ocean_breadcrumbs_links_color":"","ocean_breadcrumbs_links_hover_color":"","ocean_display_footer_widgets":"off","ocean_display_footer_bottom":"off","ocean_custom_footer_template":"0","footnotes":""},"class_list":["post-223","page","type-page","status-publish","hentry","entry"],"_links":{"self":[{"href":"https:\/\/www.naturheilpraxis-dormagen.de\/Praxis\/wp-json\/wp\/v2\/pages\/223","targetHints":{"allow":["GET"]}}],"collection":[{"href":"https:\/\/www.naturheilpraxis-dormagen.de\/Praxis\/wp-json\/wp\/v2\/pages"}],"about":[{"href":"https:\/\/www.naturheilpraxis-dormagen.de\/Praxis\/wp-json\/wp\/v2\/types\/page"}],"author":[{"embeddable":true,"href":"https:\/\/www.naturheilpraxis-dormagen.de\/Praxis\/wp-json\/wp\/v2\/users\/1"}],"replies":[{"embeddable":true,"href":"https:\/\/www.naturheilpraxis-dormagen.de\/Praxis\/wp-json\/wp\/v2\/comments?post=223"}],"version-history":[{"count":7,"href":"https:\/\/www.naturheilpraxis-dormagen.de\/Praxis\/wp-json\/wp\/v2\/pages\/223\/revisions"}],"predecessor-version":[{"id":399,"href":"https:\/\/www.naturheilpraxis-dormagen.de\/Praxis\/wp-json\/wp\/v2\/pages\/223\/revisions\/399"}],"wp:attachment":[{"href":"https:\/\/www.naturheilpraxis-dormagen.de\/Praxis\/wp-json\/wp\/v2\/media?parent=223"}],"curies":[{"name":"wp","href":"https:\/\/api.w.org\/{rel}","templated":true}]}}