{"id":225,"date":"2021-04-22T15:12:17","date_gmt":"2021-04-22T13:12:17","guid":{"rendered":"https:\/\/www.naturheilpraxis-dormagen.de\/Praxis\/?page_id=225"},"modified":"2021-04-28T14:14:11","modified_gmt":"2021-04-28T12:14:11","slug":"neuraltherapie","status":"publish","type":"page","link":"https:\/\/www.naturheilpraxis-dormagen.de\/Praxis\/neuraltherapie\/","title":{"rendered":"Neuraltherapie"},"content":{"rendered":"\t\t<div data-elementor-type=\"wp-page\" data-elementor-id=\"225\" class=\"elementor elementor-225\">\n\t\t\t\t\t\t<section class=\"elementor-section elementor-top-section elementor-element elementor-element-e134984 elementor-section-boxed elementor-section-height-default elementor-section-height-default\" data-id=\"e134984\" data-element_type=\"section\" data-e-type=\"section\">\n\t\t\t\t\t\t<div class=\"elementor-container elementor-column-gap-default\">\n\t\t\t\t\t<div class=\"elementor-column elementor-col-33 elementor-top-column elementor-element elementor-element-b84e0f4\" data-id=\"b84e0f4\" data-element_type=\"column\" data-e-type=\"column\">\n\t\t\t<div class=\"elementor-widget-wrap elementor-element-populated\">\n\t\t\t\t\t\t<div class=\"elementor-element elementor-element-580f0f3 elementor-widget elementor-widget-image\" data-id=\"580f0f3\" data-element_type=\"widget\" data-e-type=\"widget\" data-widget_type=\"image.default\">\n\t\t\t\t<div class=\"elementor-widget-container\">\n\t\t\t\t\t\t\t\t\t\t\t\t\t\t\t<img fetchpriority=\"high\" decoding=\"async\" width=\"692\" height=\"746\" src=\"https:\/\/www.naturheilpraxis-dormagen.de\/Praxis\/wp-content\/uploads\/2021\/04\/20191104_102744.jpg\" class=\"attachment-large size-large wp-image-401\" alt=\"\" srcset=\"https:\/\/www.naturheilpraxis-dormagen.de\/Praxis\/wp-content\/uploads\/2021\/04\/20191104_102744.jpg 692w, https:\/\/www.naturheilpraxis-dormagen.de\/Praxis\/wp-content\/uploads\/2021\/04\/20191104_102744-278x300.jpg 278w\" sizes=\"(max-width: 692px) 100vw, 692px\" \/>\t\t\t\t\t\t\t\t\t\t\t\t\t\t\t<\/div>\n\t\t\t\t<\/div>\n\t\t\t\t\t<\/div>\n\t\t<\/div>\n\t\t\t\t<div class=\"elementor-column elementor-col-66 elementor-top-column elementor-element elementor-element-4193fe8\" data-id=\"4193fe8\" data-element_type=\"column\" data-e-type=\"column\">\n\t\t\t<div class=\"elementor-widget-wrap elementor-element-populated\">\n\t\t\t\t\t\t<div class=\"elementor-element elementor-element-5e30e2b elementor-widget elementor-widget-image\" data-id=\"5e30e2b\" data-element_type=\"widget\" data-e-type=\"widget\" data-widget_type=\"image.default\">\n\t\t\t\t<div class=\"elementor-widget-container\">\n\t\t\t\t\t\t\t\t\t\t\t\t\t\t\t<img decoding=\"async\" width=\"377\" height=\"92\" src=\"https:\/\/www.naturheilpraxis-dormagen.de\/Praxis\/wp-content\/uploads\/2021\/04\/neuraltherapie.png\" class=\"attachment-large size-large wp-image-402\" alt=\"\" srcset=\"https:\/\/www.naturheilpraxis-dormagen.de\/Praxis\/wp-content\/uploads\/2021\/04\/neuraltherapie.png 377w, https:\/\/www.naturheilpraxis-dormagen.de\/Praxis\/wp-content\/uploads\/2021\/04\/neuraltherapie-300x73.png 300w\" sizes=\"(max-width: 377px) 100vw, 377px\" \/>\t\t\t\t\t\t\t\t\t\t\t\t\t\t\t<\/div>\n\t\t\t\t<\/div>\n\t\t\t\t<div class=\"elementor-element elementor-element-afbc2c4 elementor-widget elementor-widget-text-editor\" data-id=\"afbc2c4\" data-element_type=\"widget\" data-e-type=\"widget\" data-widget_type=\"text-editor.default\">\n\t\t\t\t<div class=\"elementor-widget-container\">\n\t\t\t\t\t\t\t\t\t<p>Bei der Neuraltherapie handelt es sich um eine Reiztherapie. Diese wird mit einem gutvertr\u00e4glichen Lokalan\u00e4sthetikum zu diagnostischen und therapeutischen Zwecken an bestimmten Stellen des K\u00f6rpers injiziert.<br \/>Die Neuraltherapie wird erfahrungsgem\u00e4\u00df angewendet, um St\u00f6rfelder positiv zu beeinflussen. Durch eine Injektion kann oftmals eine schnell eintretende Beseitigung der Beschwerden einsetzen. <br \/>Die Injektion erfolgt in die Umgebung des St\u00f6rfeldes. Zum St\u00f6rfeld kann aus der Sichtweise der Naturheilkunde grunds\u00e4tzlich jede Stelle des K\u00f6rpers werden. Ein Beispiel: Chronisch entz\u00fcndete Mandeln k\u00f6nnen, wie die Neuraltherapie postuliert, als St\u00f6rfeld bei verschiedenen Menschen unterschiedliche Krankheiten ausl\u00f6sen, wie z.B.: Gelenkrheuma, Gr\u00fcner Star oder ein Bandscheibenleiden, ein Asthma usw. Diese St\u00f6rfelder werden durch sehr genaue Voruntersuchung erkannt. Dem folgt die evidenzbasierte Medizin allerdings nicht. <br \/>Ziel dieser Behandlung ist es, mittels der Injektion in die Haut, beispielweise \u00fcber Quaddelung, ganz bestimmte Reflexzonen sowie gest\u00f6rte Funktionen positiv zu beeinflussen. Das An\u00e4sthetikum soll helfen, das vegetative Nervensystem zu beeinflussen.<\/p><p>Die evidenzbasierte Medizin als wissenschaftliche Disziplin, nicht unbedingt einzelne Klinik\u00e4rzte und niedergelassene \u00c4rzte steht der Neuraltherapie ablehnend gegen\u00fcber. Ausreichende wissenschaftlich valide Studien zum Beweis der Wirkung und Wirksamkeit fehlen, so dass die genannten Anwendungsgebiete und Wirkungsweise den Beobachtungen der Entwickler und einzelner Therapeuten entsprechen.<\/p>\t\t\t\t\t\t\t\t<\/div>\n\t\t\t\t<\/div>\n\t\t\t\t<div class=\"elementor-element elementor-element-bfbaf23 elementor-widget elementor-widget-image\" data-id=\"bfbaf23\" data-element_type=\"widget\" data-e-type=\"widget\" data-widget_type=\"image.default\">\n\t\t\t\t<div class=\"elementor-widget-container\">\n\t\t\t\t\t\t\t\t\t\t\t\t\t\t\t<img decoding=\"async\" width=\"425\" height=\"130\" src=\"https:\/\/www.naturheilpraxis-dormagen.de\/Praxis\/wp-content\/uploads\/2021\/04\/die-natur-versteht-1.png\" class=\"attachment-2048x2048 size-2048x2048 wp-image-404\" alt=\"\" srcset=\"https:\/\/www.naturheilpraxis-dormagen.de\/Praxis\/wp-content\/uploads\/2021\/04\/die-natur-versteht-1.png 425w, https:\/\/www.naturheilpraxis-dormagen.de\/Praxis\/wp-content\/uploads\/2021\/04\/die-natur-versteht-1-300x92.png 300w\" sizes=\"(max-width: 425px) 100vw, 425px\" \/>\t\t\t\t\t\t\t\t\t\t\t\t\t\t\t<\/div>\n\t\t\t\t<\/div>\n\t\t\t\t\t<\/div>\n\t\t<\/div>\n\t\t\t\t\t<\/div>\n\t\t<\/section>\n\t\t\t\t<\/div>\n\t\t","protected":false},"excerpt":{"rendered":"<p>Bei der Neuraltherapie handelt es sich um eine Reiztherapie. Diese wird mit einem gutvertr\u00e4glichen Lokalan\u00e4sthetikum zu diagnostischen und therapeutischen Zwecken an bestimmten Stellen des K\u00f6rpers injiziert.Die Neuraltherapie wird erfahrungsgem\u00e4\u00df angewendet, um St\u00f6rfelder positiv zu beeinflussen. Durch eine Injektion kann oftmals eine schnell eintretende Beseitigung der Beschwerden einsetzen. Die Injektion erfolgt in die Umgebung des St\u00f6rfeldes. [&hellip;]<\/p>\n","protected":false},"author":1,"featured_media":0,"parent":0,"menu_order":0,"comment_status":"closed","ping_status":"closed","template":"","meta":{"ocean_post_layout":"full-screen","ocean_both_sidebars_style":"","ocean_both_sidebars_content_width":0,"ocean_both_sidebars_sidebars_width":0,"ocean_sidebar":"0","ocean_second_sidebar":"0","ocean_disable_margins":"enable","ocean_add_body_class":"","ocean_shortcode_before_top_bar":"","ocean_shortcode_after_top_bar":"","ocean_shortcode_before_header":"","ocean_shortcode_after_header":"","ocean_has_shortcode":"","ocean_shortcode_after_title":"","ocean_shortcode_before_footer_widgets":"","ocean_shortcode_after_footer_widgets":"","ocean_shortcode_before_footer_bottom":"","ocean_shortcode_after_footer_bottom":"","ocean_display_top_bar":"off","ocean_display_header":"default","ocean_header_style":"","ocean_center_header_left_menu":"0","ocean_custom_header_template":"0","ocean_custom_logo":0,"ocean_custom_retina_logo":0,"ocean_custom_logo_max_width":0,"ocean_custom_logo_tablet_max_width":0,"ocean_custom_logo_mobile_max_width":0,"ocean_custom_logo_max_height":0,"ocean_custom_logo_tablet_max_height":0,"ocean_custom_logo_mobile_max_height":0,"ocean_header_custom_menu":"0","ocean_menu_typo_font_family":"0","ocean_menu_typo_font_subset":"","ocean_menu_typo_font_size":0,"ocean_menu_typo_font_size_tablet":0,"ocean_menu_typo_font_size_mobile":0,"ocean_menu_typo_font_size_unit":"px","ocean_menu_typo_font_weight":"","ocean_menu_typo_font_weight_tablet":"","ocean_menu_typo_font_weight_mobile":"","ocean_menu_typo_transform":"","ocean_menu_typo_transform_tablet":"","ocean_menu_typo_transform_mobile":"","ocean_menu_typo_line_height":0,"ocean_menu_typo_line_height_tablet":0,"ocean_menu_typo_line_height_mobile":0,"ocean_menu_typo_line_height_unit":"","ocean_menu_typo_spacing":0,"ocean_menu_typo_spacing_tablet":0,"ocean_menu_typo_spacing_mobile":0,"ocean_menu_typo_spacing_unit":"","ocean_menu_link_color":"","ocean_menu_link_color_hover":"","ocean_menu_link_color_active":"","ocean_menu_link_background":"","ocean_menu_link_hover_background":"","ocean_menu_link_active_background":"","ocean_menu_social_links_bg":"","ocean_menu_social_hover_links_bg":"","ocean_menu_social_links_color":"","ocean_menu_social_hover_links_color":"","ocean_disable_title":"on","ocean_disable_heading":"default","ocean_post_title":"","ocean_post_subheading":"","ocean_post_title_style":"","ocean_post_title_background_color":"","ocean_post_title_background":0,"ocean_post_title_bg_image_position":"","ocean_post_title_bg_image_attachment":"","ocean_post_title_bg_image_repeat":"","ocean_post_title_bg_image_size":"","ocean_post_title_height":0,"ocean_post_title_bg_overlay":0.5,"ocean_post_title_bg_overlay_color":"","ocean_disable_breadcrumbs":"default","ocean_breadcrumbs_color":"","ocean_breadcrumbs_separator_color":"","ocean_breadcrumbs_links_color":"","ocean_breadcrumbs_links_hover_color":"","ocean_display_footer_widgets":"off","ocean_display_footer_bottom":"off","ocean_custom_footer_template":"0","footnotes":""},"class_list":["post-225","page","type-page","status-publish","hentry","entry"],"_links":{"self":[{"href":"https:\/\/www.naturheilpraxis-dormagen.de\/Praxis\/wp-json\/wp\/v2\/pages\/225","targetHints":{"allow":["GET"]}}],"collection":[{"href":"https:\/\/www.naturheilpraxis-dormagen.de\/Praxis\/wp-json\/wp\/v2\/pages"}],"about":[{"href":"https:\/\/www.naturheilpraxis-dormagen.de\/Praxis\/wp-json\/wp\/v2\/types\/page"}],"author":[{"embeddable":true,"href":"https:\/\/www.naturheilpraxis-dormagen.de\/Praxis\/wp-json\/wp\/v2\/users\/1"}],"replies":[{"embeddable":true,"href":"https:\/\/www.naturheilpraxis-dormagen.de\/Praxis\/wp-json\/wp\/v2\/comments?post=225"}],"version-history":[{"count":4,"href":"https:\/\/www.naturheilpraxis-dormagen.de\/Praxis\/wp-json\/wp\/v2\/pages\/225\/revisions"}],"predecessor-version":[{"id":407,"href":"https:\/\/www.naturheilpraxis-dormagen.de\/Praxis\/wp-json\/wp\/v2\/pages\/225\/revisions\/407"}],"wp:attachment":[{"href":"https:\/\/www.naturheilpraxis-dormagen.de\/Praxis\/wp-json\/wp\/v2\/media?parent=225"}],"curies":[{"name":"wp","href":"https:\/\/api.w.org\/{rel}","templated":true}]}}