{"id":234,"date":"2021-04-22T15:19:44","date_gmt":"2021-04-22T13:19:44","guid":{"rendered":"https:\/\/www.naturheilpraxis-dormagen.de\/Praxis\/?page_id=234"},"modified":"2021-04-28T15:16:54","modified_gmt":"2021-04-28T13:16:54","slug":"posturologie","status":"publish","type":"page","link":"https:\/\/www.naturheilpraxis-dormagen.de\/Praxis\/posturologie\/","title":{"rendered":"Posturologie"},"content":{"rendered":"\t\t<div data-elementor-type=\"wp-page\" data-elementor-id=\"234\" class=\"elementor elementor-234\">\n\t\t\t\t\t\t<section class=\"elementor-section elementor-top-section elementor-element elementor-element-c4b3df5 elementor-section-boxed elementor-section-height-default elementor-section-height-default\" data-id=\"c4b3df5\" data-element_type=\"section\" data-e-type=\"section\">\n\t\t\t\t\t\t<div class=\"elementor-container elementor-column-gap-default\">\n\t\t\t\t\t<div class=\"elementor-column elementor-col-33 elementor-top-column elementor-element elementor-element-c4d5bba\" data-id=\"c4d5bba\" data-element_type=\"column\" data-e-type=\"column\">\n\t\t\t<div class=\"elementor-widget-wrap elementor-element-populated\">\n\t\t\t\t\t\t<div class=\"elementor-element elementor-element-cdb0152 elementor-widget elementor-widget-image\" data-id=\"cdb0152\" data-element_type=\"widget\" data-e-type=\"widget\" data-widget_type=\"image.default\">\n\t\t\t\t<div class=\"elementor-widget-container\">\n\t\t\t\t\t\t\t\t\t\t\t\t\t\t\t<img fetchpriority=\"high\" decoding=\"async\" width=\"1000\" height=\"667\" src=\"https:\/\/www.naturheilpraxis-dormagen.de\/Praxis\/wp-content\/uploads\/2021\/04\/posturologiefoto.jpg\" class=\"attachment-large size-large wp-image-440\" alt=\"\" srcset=\"https:\/\/www.naturheilpraxis-dormagen.de\/Praxis\/wp-content\/uploads\/2021\/04\/posturologiefoto.jpg 1000w, https:\/\/www.naturheilpraxis-dormagen.de\/Praxis\/wp-content\/uploads\/2021\/04\/posturologiefoto-300x200.jpg 300w, https:\/\/www.naturheilpraxis-dormagen.de\/Praxis\/wp-content\/uploads\/2021\/04\/posturologiefoto-768x512.jpg 768w\" sizes=\"(max-width: 1000px) 100vw, 1000px\" \/>\t\t\t\t\t\t\t\t\t\t\t\t\t\t\t<\/div>\n\t\t\t\t<\/div>\n\t\t\t\t\t<\/div>\n\t\t<\/div>\n\t\t\t\t<div class=\"elementor-column elementor-col-66 elementor-top-column elementor-element elementor-element-d11829b\" data-id=\"d11829b\" data-element_type=\"column\" data-e-type=\"column\">\n\t\t\t<div class=\"elementor-widget-wrap elementor-element-populated\">\n\t\t\t\t\t\t<div class=\"elementor-element elementor-element-c0327e0 elementor-widget elementor-widget-image\" data-id=\"c0327e0\" data-element_type=\"widget\" data-e-type=\"widget\" data-widget_type=\"image.default\">\n\t\t\t\t<div class=\"elementor-widget-container\">\n\t\t\t\t\t\t\t\t\t\t\t\t\t\t\t<img decoding=\"async\" width=\"320\" height=\"92\" src=\"https:\/\/www.naturheilpraxis-dormagen.de\/Praxis\/wp-content\/uploads\/2021\/04\/posturologie.png\" class=\"attachment-large size-large wp-image-439\" alt=\"\" srcset=\"https:\/\/www.naturheilpraxis-dormagen.de\/Praxis\/wp-content\/uploads\/2021\/04\/posturologie.png 320w, https:\/\/www.naturheilpraxis-dormagen.de\/Praxis\/wp-content\/uploads\/2021\/04\/posturologie-300x86.png 300w\" sizes=\"(max-width: 320px) 100vw, 320px\" \/>\t\t\t\t\t\t\t\t\t\t\t\t\t\t\t<\/div>\n\t\t\t\t<\/div>\n\t\t\t\t<div class=\"elementor-element elementor-element-190f941 elementor-widget elementor-widget-text-editor\" data-id=\"190f941\" data-element_type=\"widget\" data-e-type=\"widget\" data-widget_type=\"text-editor.default\">\n\t\t\t\t<div class=\"elementor-widget-container\">\n\t\t\t\t\t\t\t\t\t<p>Die Posturologie ist eine Therapie bei St\u00f6rungen der Haltung und eine Behandlungsmethode, die den Menschen ganzheitlich betrachtet und untersucht. Das Haltungssystem im Gehirn funktioniert nur \u00fcber Informationen von unseren Rezeptoren, wie z.B. Augen, F\u00fc\u00dfe, Z\u00e4hne, Innenohr, Haut, Muskeln und Gelenke.<br \/>Von dort kommen falsche Haltungsinformationen, die eine Fehlhaltung und den damit verbunden Schmerzen am Haltungsapparat ausl\u00f6sen sollen. Die Posturologie ist eine ideale Behandlungsmethode um haltungsbedingte Schmerzen zu behandeln. Hierzu z\u00e4hlen: R\u00fcckenschmerzen, Schwindel, Migr\u00e4ne, Kopfschmerzen, Bandscheibenvorf\u00e4lle, Arthrose usw. All diese Beschwerden sind aus dieser naturheilkundlichen Sicht in \u00fcber 80 % auf eine Haltungsst\u00f6rung zur\u00fcck zu f\u00fchren.<br \/>Etwa 50% unserer Kinder und Jugendlichen entwickeln bereits in fr\u00fchen Jahren eine schwache Haltungsst\u00f6rung, die im Alter immer mehr zunimmt.<br \/>Unsere Sinnesorgane wie die Augen, Ohren, Nase aber auch die Haut, F\u00fc\u00dfe, Muskeln, Gelenke leiten \u00fcber das Gehirn, die Position unseres K\u00f6rpers um das korrekte Gleichgewicht einzuhalten. Das Wichtigste f\u00fcr unser Haltungssystem ist die korrekte Stellung der Sinnesorgane, die auf unsere k\u00f6rperliche Wahrnehmung Einfluss haben.<br \/>Ich arbeite nach der Behandlungsmethode nach Dr. Bricot (www.posturolgie-zentrale.de).<br \/>Hierzu braucht es eine ausf\u00fchrliche Anamese, k\u00f6rperliche Untersuchung, Analysen des tonischen Haltungssystems, genaue Untersuchungen der Rezeptoren. <br \/>Hieraus ergibt sich eine Diagnose die mit verschiedenen Therapien individuell behandelt wird.<br \/>Die posturologische Therapie ist eine alternativ medizinische Methode, die von der evidenzbasierten Medizin, landl\u00e4ufig Schulmedizin genannt, nicht anerkannt wird. Dies liegt auch an den unterschiedlichen Vorstellungen zur Entstehung der Krankheitsbilder. Valide wissenschaftliche Studien zur Wirkung und Wirksamkeit liegen nicht vor. Beschriebene Wirkungen sind Beobachtungen einzelner Therapeuten.<\/p>\t\t\t\t\t\t\t\t<\/div>\n\t\t\t\t<\/div>\n\t\t\t\t<div class=\"elementor-element elementor-element-2da8667 elementor-widget elementor-widget-image\" data-id=\"2da8667\" data-element_type=\"widget\" data-e-type=\"widget\" data-widget_type=\"image.default\">\n\t\t\t\t<div class=\"elementor-widget-container\">\n\t\t\t\t\t\t\t\t\t\t\t\t\t\t\t<img decoding=\"async\" width=\"311\" height=\"132\" src=\"https:\/\/www.naturheilpraxis-dormagen.de\/Praxis\/wp-content\/uploads\/2021\/04\/unser-garten.png\" class=\"attachment-large size-large wp-image-441\" alt=\"\" srcset=\"https:\/\/www.naturheilpraxis-dormagen.de\/Praxis\/wp-content\/uploads\/2021\/04\/unser-garten.png 311w, https:\/\/www.naturheilpraxis-dormagen.de\/Praxis\/wp-content\/uploads\/2021\/04\/unser-garten-300x127.png 300w\" sizes=\"(max-width: 311px) 100vw, 311px\" \/>\t\t\t\t\t\t\t\t\t\t\t\t\t\t\t<\/div>\n\t\t\t\t<\/div>\n\t\t\t\t\t<\/div>\n\t\t<\/div>\n\t\t\t\t\t<\/div>\n\t\t<\/section>\n\t\t\t\t<\/div>\n\t\t","protected":false},"excerpt":{"rendered":"<p>Die Posturologie ist eine Therapie bei St\u00f6rungen der Haltung und eine Behandlungsmethode, die den Menschen ganzheitlich betrachtet und untersucht. Das Haltungssystem im Gehirn funktioniert nur \u00fcber Informationen von unseren Rezeptoren, wie z.B. Augen, F\u00fc\u00dfe, Z\u00e4hne, Innenohr, Haut, Muskeln und Gelenke.Von dort kommen falsche Haltungsinformationen, die eine Fehlhaltung und den damit verbunden Schmerzen am Haltungsapparat ausl\u00f6sen [&hellip;]<\/p>\n","protected":false},"author":1,"featured_media":0,"parent":0,"menu_order":0,"comment_status":"closed","ping_status":"closed","template":"","meta":{"ocean_post_layout":"full-screen","ocean_both_sidebars_style":"","ocean_both_sidebars_content_width":0,"ocean_both_sidebars_sidebars_width":0,"ocean_sidebar":"0","ocean_second_sidebar":"0","ocean_disable_margins":"enable","ocean_add_body_class":"","ocean_shortcode_before_top_bar":"","ocean_shortcode_after_top_bar":"","ocean_shortcode_before_header":"","ocean_shortcode_after_header":"","ocean_has_shortcode":"","ocean_shortcode_after_title":"","ocean_shortcode_before_footer_widgets":"","ocean_shortcode_after_footer_widgets":"","ocean_shortcode_before_footer_bottom":"","ocean_shortcode_after_footer_bottom":"","ocean_display_top_bar":"off","ocean_display_header":"default","ocean_header_style":"","ocean_center_header_left_menu":"0","ocean_custom_header_template":"0","ocean_custom_logo":0,"ocean_custom_retina_logo":0,"ocean_custom_logo_max_width":0,"ocean_custom_logo_tablet_max_width":0,"ocean_custom_logo_mobile_max_width":0,"ocean_custom_logo_max_height":0,"ocean_custom_logo_tablet_max_height":0,"ocean_custom_logo_mobile_max_height":0,"ocean_header_custom_menu":"0","ocean_menu_typo_font_family":"0","ocean_menu_typo_font_subset":"","ocean_menu_typo_font_size":0,"ocean_menu_typo_font_size_tablet":0,"ocean_menu_typo_font_size_mobile":0,"ocean_menu_typo_font_size_unit":"px","ocean_menu_typo_font_weight":"","ocean_menu_typo_font_weight_tablet":"","ocean_menu_typo_font_weight_mobile":"","ocean_menu_typo_transform":"","ocean_menu_typo_transform_tablet":"","ocean_menu_typo_transform_mobile":"","ocean_menu_typo_line_height":0,"ocean_menu_typo_line_height_tablet":0,"ocean_menu_typo_line_height_mobile":0,"ocean_menu_typo_line_height_unit":"","ocean_menu_typo_spacing":0,"ocean_menu_typo_spacing_tablet":0,"ocean_menu_typo_spacing_mobile":0,"ocean_menu_typo_spacing_unit":"","ocean_menu_link_color":"","ocean_menu_link_color_hover":"","ocean_menu_link_color_active":"","ocean_menu_link_background":"","ocean_menu_link_hover_background":"","ocean_menu_link_active_background":"","ocean_menu_social_links_bg":"","ocean_menu_social_hover_links_bg":"","ocean_menu_social_links_color":"","ocean_menu_social_hover_links_color":"","ocean_disable_title":"on","ocean_disable_heading":"default","ocean_post_title":"","ocean_post_subheading":"","ocean_post_title_style":"","ocean_post_title_background_color":"","ocean_post_title_background":0,"ocean_post_title_bg_image_position":"","ocean_post_title_bg_image_attachment":"","ocean_post_title_bg_image_repeat":"","ocean_post_title_bg_image_size":"","ocean_post_title_height":0,"ocean_post_title_bg_overlay":0.5,"ocean_post_title_bg_overlay_color":"","ocean_disable_breadcrumbs":"default","ocean_breadcrumbs_color":"","ocean_breadcrumbs_separator_color":"","ocean_breadcrumbs_links_color":"","ocean_breadcrumbs_links_hover_color":"","ocean_display_footer_widgets":"off","ocean_display_footer_bottom":"off","ocean_custom_footer_template":"0","footnotes":""},"class_list":["post-234","page","type-page","status-publish","hentry","entry"],"_links":{"self":[{"href":"https:\/\/www.naturheilpraxis-dormagen.de\/Praxis\/wp-json\/wp\/v2\/pages\/234","targetHints":{"allow":["GET"]}}],"collection":[{"href":"https:\/\/www.naturheilpraxis-dormagen.de\/Praxis\/wp-json\/wp\/v2\/pages"}],"about":[{"href":"https:\/\/www.naturheilpraxis-dormagen.de\/Praxis\/wp-json\/wp\/v2\/types\/page"}],"author":[{"embeddable":true,"href":"https:\/\/www.naturheilpraxis-dormagen.de\/Praxis\/wp-json\/wp\/v2\/users\/1"}],"replies":[{"embeddable":true,"href":"https:\/\/www.naturheilpraxis-dormagen.de\/Praxis\/wp-json\/wp\/v2\/comments?post=234"}],"version-history":[{"count":4,"href":"https:\/\/www.naturheilpraxis-dormagen.de\/Praxis\/wp-json\/wp\/v2\/pages\/234\/revisions"}],"predecessor-version":[{"id":444,"href":"https:\/\/www.naturheilpraxis-dormagen.de\/Praxis\/wp-json\/wp\/v2\/pages\/234\/revisions\/444"}],"wp:attachment":[{"href":"https:\/\/www.naturheilpraxis-dormagen.de\/Praxis\/wp-json\/wp\/v2\/media?parent=234"}],"curies":[{"name":"wp","href":"https:\/\/api.w.org\/{rel}","templated":true}]}}